{"id":8110,"date":"2022-10-06T18:28:04","date_gmt":"2022-10-06T23:28:04","guid":{"rendered":"https:\/\/literatura.uniandes.edu.co\/programs\/"},"modified":"2022-10-06T18:28:05","modified_gmt":"2022-10-06T23:28:05","slug":"programs","status":"publish","type":"page","link":"https:\/\/literatura.uniandes.edu.co\/en\/programs\/","title":{"rendered":"Programs"},"content":{"rendered":"<div class=\"wpb-content-wrapper\"><p>[vc_row][vc_column][vc_column_text]El Departamento de Humanidades y Literatura ofrece entre sus programas el pregrado en Literatura y desde la<span style=\"color: #0000ff;\"><strong> <a style=\"color: #0000ff;\" href=\"https:\/\/posgradosfacartes.uniandes.edu.co\">Escuela de Posgrados<\/a> <\/strong><\/span>ofrece la <strong><a href=\"https:\/\/posgradosfacartes.uniandes.edu.co\/programas\/doctorado-literatura\/\"><span style=\"color: #0000ff;\">Maestr\u00eda en Literatura<\/span><\/a><\/strong>, la <span style=\"color: #0000ff;\"><strong><a style=\"color: #0000ff;\" href=\"https:\/\/posgradosfacartes.uniandes.edu.co\/programas\/estudios-clasicos\/\">Maestr\u00eda en Estudios Cl\u00e1sicos<\/a><\/strong> <\/span>y el <span style=\"color: #0000ff;\"><strong><a style=\"color: #0000ff;\" href=\"https:\/\/posgradosfacartes.uniandes.edu.co\/programas\/doctorado-literatura\/\">Doctorado en Literatura<\/a><\/strong><\/span>[\/vc_column_text][vc_masonry_grid post_type=&#8221;ids&#8221; element_width=&#8221;6&#8243; item=&#8221;238&#8243; grid_id=&#8221;vc_gid:1582216116329-fa7459dc-dee9-4&#8243; include=&#8221;198, 1409, 240, 249&#8243;][\/vc_column][\/vc_row]<\/p>\n<\/div>","protected":false},"excerpt":{"rendered":"<p>[vc_row][vc_column][vc_column_text]El Departamento de Humanidades y Literatura ofrece entre sus programas el pregrado en Literatura y desde la Escuela de Posgrados ofrece la Maestr\u00eda en Literatura, la Maestr\u00eda en Estudios Cl\u00e1sicos y el Doctorado en Literatura[\/vc_column_text][vc_masonry_grid post_type=&#8221;ids&#8221; element_width=&#8221;6&#8243; item=&#8221;238&#8243; grid_id=&#8221;vc_gid:1582216116329-fa7459dc-dee9-4&#8243; include=&#8221;198, 1409, 240, 249&#8243;][\/vc_column][\/vc_row]<\/p>\n","protected":false},"author":5,"featured_media":0,"parent":0,"menu_order":0,"comment_status":"closed","ping_status":"closed","template":"","meta":{"footnotes":""},"class_list":["post-8110","page","type-page","status-publish","hentry"],"yoast_head":"<!-- This site is optimized with the Yoast SEO plugin v27.3 - https:\/\/yoast.com\/product\/yoast-seo-wordpress\/ -->\n<title>Programas de Humanidades y Literatura - Universidad de los Andes<\/title>\n<meta name=\"description\" content=\"Conozca el programa de pregrado en Literatura, las maestr\u00edas en Estudios cl\u00e1sicos, Literatura y el doctorado en LIteratura de la Universidad de los Andes\" \/>\n<meta name=\"robots\" content=\"index, follow, max-snippet:-1, max-image-preview:large, max-video-preview:-1\" \/>\n<link rel=\"canonical\" href=\"https:\/\/literatura.uniandes.edu.co\/en\/programs\/\" \/>\n<meta property=\"og:locale\" content=\"en_US\" \/>\n<meta property=\"og:type\" content=\"article\" \/>\n<meta property=\"og:title\" content=\"Programas de Humanidades y Literatura - Universidad de los Andes\" \/>\n<meta property=\"og:description\" content=\"Conozca el programa de pregrado en Literatura, las maestr\u00edas en Estudios cl\u00e1sicos, Literatura y el doctorado en LIteratura de la Universidad de los Andes\" \/>\n<meta property=\"og:url\" content=\"https:\/\/literatura.uniandes.edu.co\/en\/programs\/\" \/>\n<meta property=\"og:site_name\" content=\"Departamento de Humanidades y Literatura \u2502 Universidad de los Andes\" \/>\n<meta property=\"article:modified_time\" content=\"2022-10-06T23:28:05+00:00\" \/>\n<meta name=\"twitter:card\" content=\"summary_large_image\" \/>\n<script type=\"application\/ld+json\" class=\"yoast-schema-graph\">{\"@context\":\"https:\\\/\\\/schema.org\",\"@graph\":[{\"@type\":\"WebPage\",\"@id\":\"https:\\\/\\\/literatura.uniandes.edu.co\\\/en\\\/programs\\\/\",\"url\":\"https:\\\/\\\/literatura.uniandes.edu.co\\\/en\\\/programs\\\/\",\"name\":\"Programas de Humanidades y Literatura - Universidad de los Andes\",\"isPartOf\":{\"@id\":\"https:\\\/\\\/literatura.uniandes.edu.co\\\/#website\"},\"datePublished\":\"2022-10-06T23:28:04+00:00\",\"dateModified\":\"2022-10-06T23:28:05+00:00\",\"description\":\"Conozca el programa de pregrado en Literatura, las maestr\u00edas en Estudios cl\u00e1sicos, Literatura y el doctorado en LIteratura de la Universidad de los Andes\",\"breadcrumb\":{\"@id\":\"https:\\\/\\\/literatura.uniandes.edu.co\\\/en\\\/programs\\\/#breadcrumb\"},\"inLanguage\":\"en-US\",\"potentialAction\":[{\"@type\":\"ReadAction\",\"target\":[\"https:\\\/\\\/literatura.uniandes.edu.co\\\/en\\\/programs\\\/\"]}]},{\"@type\":\"BreadcrumbList\",\"@id\":\"https:\\\/\\\/literatura.uniandes.edu.co\\\/en\\\/programs\\\/#breadcrumb\",\"itemListElement\":[{\"@type\":\"ListItem\",\"position\":1,\"name\":\"Portada\",\"item\":\"https:\\\/\\\/literatura.uniandes.edu.co\\\/en\\\/\"},{\"@type\":\"ListItem\",\"position\":2,\"name\":\"Programs\"}]},{\"@type\":\"WebSite\",\"@id\":\"https:\\\/\\\/literatura.uniandes.edu.co\\\/#website\",\"url\":\"https:\\\/\\\/literatura.uniandes.edu.co\\\/\",\"name\":\"Departamento de Humanidades y Literatura \u2502 Universidad de los Andes\",\"description\":\"Departamento de Humanidades y Literatura \u2502 Universidad de los Andes\",\"publisher\":{\"@id\":\"https:\\\/\\\/literatura.uniandes.edu.co\\\/#organization\"},\"potentialAction\":[{\"@type\":\"SearchAction\",\"target\":{\"@type\":\"EntryPoint\",\"urlTemplate\":\"https:\\\/\\\/literatura.uniandes.edu.co\\\/?s={search_term_string}\"},\"query-input\":{\"@type\":\"PropertyValueSpecification\",\"valueRequired\":true,\"valueName\":\"search_term_string\"}}],\"inLanguage\":\"en-US\"},{\"@type\":\"Organization\",\"@id\":\"https:\\\/\\\/literatura.uniandes.edu.co\\\/#organization\",\"name\":\"Departamento de Humanidades y Literatura \u2013 Universidad de los Andes\",\"url\":\"https:\\\/\\\/literatura.uniandes.edu.co\\\/\",\"logo\":{\"@type\":\"ImageObject\",\"inLanguage\":\"en-US\",\"@id\":\"https:\\\/\\\/literatura.uniandes.edu.co\\\/#\\\/schema\\\/logo\\\/image\\\/\",\"url\":\"https:\\\/\\\/literatura.uniandes.edu.co\\\/files\\\/2019\\\/10\\\/Logo-Departamento_de_Humanidades_y_Literatura-Web2-1.png\",\"contentUrl\":\"https:\\\/\\\/literatura.uniandes.edu.co\\\/files\\\/2019\\\/10\\\/Logo-Departamento_de_Humanidades_y_Literatura-Web2-1.png\",\"width\":767,\"height\":100,\"caption\":\"Departamento de Humanidades y Literatura \u2013 Universidad de los Andes\"},\"image\":{\"@id\":\"https:\\\/\\\/literatura.uniandes.edu.co\\\/#\\\/schema\\\/logo\\\/image\\\/\"}}]}<\/script>\n<!-- \/ Yoast SEO plugin. -->","yoast_head_json":{"title":"Programas de Humanidades y Literatura - Universidad de los Andes","description":"Conozca el programa de pregrado en Literatura, las maestr\u00edas en Estudios cl\u00e1sicos, Literatura y el doctorado en LIteratura de la Universidad de los Andes","robots":{"index":"index","follow":"follow","max-snippet":"max-snippet:-1","max-image-preview":"max-image-preview:large","max-video-preview":"max-video-preview:-1"},"canonical":"https:\/\/literatura.uniandes.edu.co\/en\/programs\/","og_locale":"en_US","og_type":"article","og_title":"Programas de Humanidades y Literatura - Universidad de los Andes","og_description":"Conozca el programa de pregrado en Literatura, las maestr\u00edas en Estudios cl\u00e1sicos, Literatura y el doctorado en LIteratura de la Universidad de los Andes","og_url":"https:\/\/literatura.uniandes.edu.co\/en\/programs\/","og_site_name":"Departamento de Humanidades y Literatura \u2502 Universidad de los Andes","article_modified_time":"2022-10-06T23:28:05+00:00","twitter_card":"summary_large_image","schema":{"@context":"https:\/\/schema.org","@graph":[{"@type":"WebPage","@id":"https:\/\/literatura.uniandes.edu.co\/en\/programs\/","url":"https:\/\/literatura.uniandes.edu.co\/en\/programs\/","name":"Programas de Humanidades y Literatura - Universidad de los Andes","isPartOf":{"@id":"https:\/\/literatura.uniandes.edu.co\/#website"},"datePublished":"2022-10-06T23:28:04+00:00","dateModified":"2022-10-06T23:28:05+00:00","description":"Conozca el programa de pregrado en Literatura, las maestr\u00edas en Estudios cl\u00e1sicos, Literatura y el doctorado en LIteratura de la Universidad de los Andes","breadcrumb":{"@id":"https:\/\/literatura.uniandes.edu.co\/en\/programs\/#breadcrumb"},"inLanguage":"en-US","potentialAction":[{"@type":"ReadAction","target":["https:\/\/literatura.uniandes.edu.co\/en\/programs\/"]}]},{"@type":"BreadcrumbList","@id":"https:\/\/literatura.uniandes.edu.co\/en\/programs\/#breadcrumb","itemListElement":[{"@type":"ListItem","position":1,"name":"Portada","item":"https:\/\/literatura.uniandes.edu.co\/en\/"},{"@type":"ListItem","position":2,"name":"Programs"}]},{"@type":"WebSite","@id":"https:\/\/literatura.uniandes.edu.co\/#website","url":"https:\/\/literatura.uniandes.edu.co\/","name":"Departamento de Humanidades y Literatura \u2502 Universidad de los Andes","description":"Departamento de Humanidades y Literatura \u2502 Universidad de los Andes","publisher":{"@id":"https:\/\/literatura.uniandes.edu.co\/#organization"},"potentialAction":[{"@type":"SearchAction","target":{"@type":"EntryPoint","urlTemplate":"https:\/\/literatura.uniandes.edu.co\/?s={search_term_string}"},"query-input":{"@type":"PropertyValueSpecification","valueRequired":true,"valueName":"search_term_string"}}],"inLanguage":"en-US"},{"@type":"Organization","@id":"https:\/\/literatura.uniandes.edu.co\/#organization","name":"Departamento de Humanidades y Literatura \u2013 Universidad de los Andes","url":"https:\/\/literatura.uniandes.edu.co\/","logo":{"@type":"ImageObject","inLanguage":"en-US","@id":"https:\/\/literatura.uniandes.edu.co\/#\/schema\/logo\/image\/","url":"https:\/\/literatura.uniandes.edu.co\/files\/2019\/10\/Logo-Departamento_de_Humanidades_y_Literatura-Web2-1.png","contentUrl":"https:\/\/literatura.uniandes.edu.co\/files\/2019\/10\/Logo-Departamento_de_Humanidades_y_Literatura-Web2-1.png","width":767,"height":100,"caption":"Departamento de Humanidades y Literatura \u2013 Universidad de los Andes"},"image":{"@id":"https:\/\/literatura.uniandes.edu.co\/#\/schema\/logo\/image\/"}}]}},"_links":{"self":[{"href":"https:\/\/literatura.uniandes.edu.co\/en\/wp-json\/wp\/v2\/pages\/8110","targetHints":{"allow":["GET"]}}],"collection":[{"href":"https:\/\/literatura.uniandes.edu.co\/en\/wp-json\/wp\/v2\/pages"}],"about":[{"href":"https:\/\/literatura.uniandes.edu.co\/en\/wp-json\/wp\/v2\/types\/page"}],"author":[{"embeddable":true,"href":"https:\/\/literatura.uniandes.edu.co\/en\/wp-json\/wp\/v2\/users\/5"}],"replies":[{"embeddable":true,"href":"https:\/\/literatura.uniandes.edu.co\/en\/wp-json\/wp\/v2\/comments?post=8110"}],"version-history":[{"count":1,"href":"https:\/\/literatura.uniandes.edu.co\/en\/wp-json\/wp\/v2\/pages\/8110\/revisions"}],"predecessor-version":[{"id":8111,"href":"https:\/\/literatura.uniandes.edu.co\/en\/wp-json\/wp\/v2\/pages\/8110\/revisions\/8111"}],"wp:attachment":[{"href":"https:\/\/literatura.uniandes.edu.co\/en\/wp-json\/wp\/v2\/media?parent=8110"}],"curies":[{"name":"wp","href":"https:\/\/api.w.org\/{rel}","templated":true}]}}